{"id":12,"date":"2008-08-04T11:47:42","date_gmt":"2008-08-04T09:47:42","guid":{"rendered":"http:\/\/lumion.de\/blog\/index.php?page_id=2"},"modified":"2019-12-06T16:54:37","modified_gmt":"2019-12-06T14:54:37","slug":"impressum","status":"publish","type":"page","link":"https:\/\/paulmelian.de\/blog\/?page_id=12","title":{"rendered":"Redaktion \/ Redac\u0163ia"},"content":{"rendered":"<p><strong>Mihai Lungu (Mihai)<\/strong><br \/>\n<a href=\"mailto:milungu@lumion.de\">milungu@lumion.de<\/a><\/p>\n<p><strong>Paul Melian (Paul)<\/strong><br \/>\n<a href=\"mailto:paul@paulmelian.de\">paul@paulmelian.de<\/a><\/p>\n<div id=\"attachment_4079\" style=\"width: 1010px\" class=\"wp-caption aligncenter\"><a href=\"https:\/\/i0.wp.com\/paulmelian.de\/blog\/wp-content\/uploads\/2019\/12\/Motto-Redaktion.jpg\"><img data-recalc-dims=\"1\" loading=\"lazy\" decoding=\"async\" aria-describedby=\"caption-attachment-4079\" data-attachment-id=\"4079\" data-permalink=\"https:\/\/paulmelian.de\/blog\/?attachment_id=4079\" data-orig-file=\"https:\/\/i0.wp.com\/paulmelian.de\/blog\/wp-content\/uploads\/2019\/12\/Motto-Redaktion.jpg?fit=1000%2C143&amp;ssl=1\" data-orig-size=\"1000,143\" data-comments-opened=\"1\" data-image-meta=\"{&quot;aperture&quot;:&quot;0&quot;,&quot;credit&quot;:&quot;&quot;,&quot;camera&quot;:&quot;&quot;,&quot;caption&quot;:&quot;&quot;,&quot;created_timestamp&quot;:&quot;0&quot;,&quot;copyright&quot;:&quot;&quot;,&quot;focal_length&quot;:&quot;0&quot;,&quot;iso&quot;:&quot;0&quot;,&quot;shutter_speed&quot;:&quot;0&quot;,&quot;title&quot;:&quot;&quot;,&quot;orientation&quot;:&quot;0&quot;}\" data-image-title=\"Motto Redaktion\" data-image-description=\"\" data-image-caption=\"&lt;p&gt;Gazeta Transilvaniei, Brasiovu, 5. Ianuariu 1852&lt;\/p&gt;\n\" data-large-file=\"https:\/\/i0.wp.com\/paulmelian.de\/blog\/wp-content\/uploads\/2019\/12\/Motto-Redaktion.jpg?fit=640%2C92&amp;ssl=1\" class=\"size-full wp-image-4079\" src=\"https:\/\/i0.wp.com\/paulmelian.de\/blog\/wp-content\/uploads\/2019\/12\/Motto-Redaktion.jpg?resize=640%2C92\" alt=\"\" width=\"640\" height=\"92\" srcset=\"https:\/\/i0.wp.com\/paulmelian.de\/blog\/wp-content\/uploads\/2019\/12\/Motto-Redaktion.jpg?w=1000&amp;ssl=1 1000w, https:\/\/i0.wp.com\/paulmelian.de\/blog\/wp-content\/uploads\/2019\/12\/Motto-Redaktion.jpg?resize=300%2C43&amp;ssl=1 300w, https:\/\/i0.wp.com\/paulmelian.de\/blog\/wp-content\/uploads\/2019\/12\/Motto-Redaktion.jpg?resize=768%2C110&amp;ssl=1 768w\" sizes=\"auto, (max-width: 640px) 100vw, 640px\" \/><\/a><p id=\"caption-attachment-4079\" class=\"wp-caption-text\">Gazeta Transsilvaniei, Brasiovu, 5. Ianuariu 1852<\/p><\/div>\n","protected":false},"excerpt":{"rendered":"<p>Mihai Lungu (Mihai) milungu@lumion.de Paul Melian (Paul) paul@paulmelian.de<\/p>\n","protected":false},"author":1,"featured_media":0,"parent":0,"menu_order":0,"comment_status":"open","ping_status":"open","template":"","meta":{"ngg_post_thumbnail":0,"footnotes":""},"class_list":["post-12","page","type-page","status-publish","hentry"],"jetpack_sharing_enabled":true,"jetpack_shortlink":"https:\/\/wp.me\/P9mZDH-c","jetpack_likes_enabled":true,"jetpack-related-posts":[{"id":4150,"url":"https:\/\/paulmelian.de\/blog\/?page_id=4150","url_meta":{"origin":12,"position":0},"title":"Politic\u0103 de confiden\u021bialitate","author":"Mihai","date":"21 decembrie 2019","format":false,"excerpt":"Cine e\u0219ti (suntem) Adresa sitului web este: http:\/\/paulmelian.de\/blog. Ce date personale colect\u0103m \u0219i de ce le colect\u0103m Comentarii C\u00e2nd vizitatorii las\u0103 comentarii pe sit, colect\u0103m datele ar\u0103tate \u00een formularele de comentarii, dar \u0219i adresa IP a vizitatorului \u0219i \u0219irul agen\u021bilor utilizator din navigator pentru a ne ajuta la detectarea spamului.\u2026","rel":"","context":"Articol similar","block_context":{"text":"Articol similar","link":""},"img":{"alt_text":"","src":"","width":0,"height":0},"classes":[]},{"id":13,"url":"https:\/\/paulmelian.de\/blog\/?page_id=13","url_meta":{"origin":12,"position":1},"title":"Zielsetzung des Blogs \/ Inten\u0163ia acestui blog","author":"Paul","date":"19 noiembrie 2008","format":false,"excerpt":"Nachdem wir vor 11 Jahren, in den Anf\u00e4ngen dieses Blogs, die Verwandlung Rum\u00e4niens als Ziel hatten, sind wir nunmehr bescheiden geworden: wir beschr\u00e4nken uns auf Kontemplation und N\u00f6rgeleien. === Dup\u0103 ce, \u00een urm\u0103 cu 11 ani, la \u00eenceputurile acestui blog, ne propusesem ca scop schimbarea la fa\u0163\u0103 a Rom\u00e2niei, am\u2026","rel":"","context":"\u00cen \u201eGeneral\u201d","block_context":{"text":"General","link":"https:\/\/paulmelian.de\/blog\/?cat=8"},"img":{"alt_text":"","src":"","width":0,"height":0},"classes":[]}],"post_mailing_queue_ids":[],"_links":{"self":[{"href":"https:\/\/paulmelian.de\/blog\/index.php?rest_route=\/wp\/v2\/pages\/12","targetHints":{"allow":["GET"]}}],"collection":[{"href":"https:\/\/paulmelian.de\/blog\/index.php?rest_route=\/wp\/v2\/pages"}],"about":[{"href":"https:\/\/paulmelian.de\/blog\/index.php?rest_route=\/wp\/v2\/types\/page"}],"author":[{"embeddable":true,"href":"https:\/\/paulmelian.de\/blog\/index.php?rest_route=\/wp\/v2\/users\/1"}],"replies":[{"embeddable":true,"href":"https:\/\/paulmelian.de\/blog\/index.php?rest_route=%2Fwp%2Fv2%2Fcomments&post=12"}],"version-history":[{"count":6,"href":"https:\/\/paulmelian.de\/blog\/index.php?rest_route=\/wp\/v2\/pages\/12\/revisions"}],"predecessor-version":[{"id":4082,"href":"https:\/\/paulmelian.de\/blog\/index.php?rest_route=\/wp\/v2\/pages\/12\/revisions\/4082"}],"wp:attachment":[{"href":"https:\/\/paulmelian.de\/blog\/index.php?rest_route=%2Fwp%2Fv2%2Fmedia&parent=12"}],"curies":[{"name":"wp","href":"https:\/\/api.w.org\/{rel}","templated":true}]}}