{"id":13,"date":"2008-11-19T12:37:41","date_gmt":"2008-11-19T10:37:41","guid":{"rendered":"http:\/\/lumion.de\/blog\/?page_id=4"},"modified":"2019-09-19T07:32:09","modified_gmt":"2019-09-19T05:32:09","slug":"4-2","status":"publish","type":"page","link":"https:\/\/paulmelian.de\/blog\/?page_id=13","title":{"rendered":"Zielsetzung des Blogs \/ Inten\u0163ia acestui blog"},"content":{"rendered":"<p>Nachdem wir vor 11 Jahren, in den Anf\u00e4ngen dieses Blogs, die Verwandlung Rum\u00e4niens als Ziel hatten, sind wir nunmehr bescheiden geworden: wir beschr\u00e4nken uns auf Kontemplation und N\u00f6rgeleien.<\/p>\n<p style=\"text-align: center;\">===<\/p>\n<p>Dup\u0103 ce, \u00een urm\u0103 cu 11 ani, la \u00eenceputurile acestui blog, ne propusesem ca scop schimbarea la fa\u0163\u0103 a Rom\u00e2niei, am devenit acum mai mode\u015fti: ne rezum\u0103m la contemplare \u015fi c\u00e2rcoteli.<\/p>\n","protected":false},"excerpt":{"rendered":"<p>Nachdem wir vor 11 Jahren, in den Anf\u00e4ngen dieses Blogs, die Verwandlung Rum\u00e4niens als Ziel hatten, sind wir nunmehr bescheiden geworden: wir beschr\u00e4nken uns auf Kontemplation und N\u00f6rgeleien. === Dup\u0103 ce, \u00een urm\u0103 cu 11 ani, la \u00eenceputurile acestui blog, &hellip; <a href=\"https:\/\/paulmelian.de\/blog\/?page_id=13\">Continu\u0103 s\u0103 cite\u0219ti <span class=\"meta-nav\">&rarr;<\/span><\/a><\/p>\n","protected":false},"author":2,"featured_media":0,"parent":0,"menu_order":0,"comment_status":"open","ping_status":"open","template":"","meta":{"ngg_post_thumbnail":0,"jetpack_post_was_ever_published":false,"footnotes":""},"class_list":["post-13","page","type-page","status-publish","hentry"],"jetpack_sharing_enabled":true,"jetpack_shortlink":"https:\/\/wp.me\/P9mZDH-d","jetpack_likes_enabled":true,"jetpack-related-posts":[{"id":4150,"url":"https:\/\/paulmelian.de\/blog\/?page_id=4150","url_meta":{"origin":13,"position":0},"title":"Politic\u0103 de confiden\u021bialitate","author":"Mihai","date":"21 decembrie 2019","format":false,"excerpt":"Cine e\u0219ti (suntem) Adresa sitului web este: http:\/\/paulmelian.de\/blog. Ce date personale colect\u0103m \u0219i de ce le colect\u0103m Comentarii C\u00e2nd vizitatorii las\u0103 comentarii pe sit, colect\u0103m datele ar\u0103tate \u00een formularele de comentarii, dar \u0219i adresa IP a vizitatorului \u0219i \u0219irul agen\u021bilor utilizator din navigator pentru a ne ajuta la detectarea spamului.\u2026","rel":"","context":"Articol similar","block_context":{"text":"Articol similar","link":""},"img":{"alt_text":"","src":"","width":0,"height":0},"classes":[]},{"id":12,"url":"https:\/\/paulmelian.de\/blog\/?page_id=12","url_meta":{"origin":13,"position":1},"title":"Redaktion \/ Redac\u0163ia","author":"Mihai","date":"4 august 2008","format":false,"excerpt":"Mihai Lungu (Mihai) milungu@lumion.de Paul Melian (Paul) paul@paulmelian.de","rel":"","context":"\u00cen \u201eGeneral\u201d","block_context":{"text":"General","link":"https:\/\/paulmelian.de\/blog\/?cat=8"},"img":{"alt_text":"","src":"https:\/\/i0.wp.com\/paulmelian.de\/blog\/wp-content\/uploads\/2019\/12\/Motto-Redaktion.jpg?resize=350%2C200","width":350,"height":200,"srcset":"https:\/\/i0.wp.com\/paulmelian.de\/blog\/wp-content\/uploads\/2019\/12\/Motto-Redaktion.jpg?resize=350%2C200 1x, https:\/\/i0.wp.com\/paulmelian.de\/blog\/wp-content\/uploads\/2019\/12\/Motto-Redaktion.jpg?resize=525%2C300 1.5x, https:\/\/i0.wp.com\/paulmelian.de\/blog\/wp-content\/uploads\/2019\/12\/Motto-Redaktion.jpg?resize=700%2C400 2x"},"classes":[]}],"post_mailing_queue_ids":[],"_links":{"self":[{"href":"https:\/\/paulmelian.de\/blog\/index.php?rest_route=\/wp\/v2\/pages\/13","targetHints":{"allow":["GET"]}}],"collection":[{"href":"https:\/\/paulmelian.de\/blog\/index.php?rest_route=\/wp\/v2\/pages"}],"about":[{"href":"https:\/\/paulmelian.de\/blog\/index.php?rest_route=\/wp\/v2\/types\/page"}],"author":[{"embeddable":true,"href":"https:\/\/paulmelian.de\/blog\/index.php?rest_route=\/wp\/v2\/users\/2"}],"replies":[{"embeddable":true,"href":"https:\/\/paulmelian.de\/blog\/index.php?rest_route=%2Fwp%2Fv2%2Fcomments&post=13"}],"version-history":[{"count":5,"href":"https:\/\/paulmelian.de\/blog\/index.php?rest_route=\/wp\/v2\/pages\/13\/revisions"}],"predecessor-version":[{"id":3789,"href":"https:\/\/paulmelian.de\/blog\/index.php?rest_route=\/wp\/v2\/pages\/13\/revisions\/3789"}],"wp:attachment":[{"href":"https:\/\/paulmelian.de\/blog\/index.php?rest_route=%2Fwp%2Fv2%2Fmedia&parent=13"}],"curies":[{"name":"wp","href":"https:\/\/api.w.org\/{rel}","templated":true}]}}